{"id":15,"date":"2013-10-24T16:32:52","date_gmt":"2013-10-24T14:32:52","guid":{"rendered":"http:\/\/nova.amexad.com\/?page_id=15"},"modified":"2018-02-24T21:41:38","modified_gmt":"2018-02-24T20:41:38","slug":"o-nama","status":"publish","type":"page","link":"https:\/\/amexad.com\/?page_id=15","title":{"rendered":"O nama"},"content":{"rendered":"<p><img loading=\"lazy\" decoding=\"async\" width=\"300\" height=\"83\" class=\"alignnone wp-image-16\" src=\"http:\/\/amexad.com\/wp-content\/uploads\/2013\/10\/Amex_AD.jpg\" alt=\"Amex_AD\" \/><\/p>\n<p>Zadovoljstvo nam je predstaviti Vam preduze\u0107e \u201e Amex \u2013 Ad\u201c d.o.o iz Velike Kladu\u0161e koje se bavi uslugama prevoza putnika u drumskom saobra\u0107aju i pru\u017eanju turisti\u010dkih usluga u zemlji i inostranstvu.<br \/>\nU sastavu preduze\u0107a posluje Putni\u010dka agencija \u201e Amex \u2013 Ad\u201c.<br \/>\nOsnovani smo 09.02.2000. god. u Velikoj Kladu\u0161i, upisani u sudski registar broj U\/I \u2013 492\/2000 kod Kantonalnog suda u Biha\u0107u.<br \/>\nMati\u010dni reg.broj: 1-4340-00, ID broj: 4263180760003, PDV broj: 263180760003.<br \/>\nPreduze\u0107e je 100% privatno vlasni\u0161tvo i posjeduje dva vlastita autobusa ( visokoturisti\u010dke klase).<br \/>\nPutni\u010dka agencija \u201eAMEX- AD\u201c od svog osnivanja bavi se slijede\u0107im uslu\u017enim djelatnostima:<\/p>\n<ul>\n<li>uslugama vanlinijskog prevoza putnika u zemlji i inostranstvu sa vlastitim autobusima (visokoturisti\u010dke klase)<\/li>\n<li>turisti\u010dke aran\u017emane (ljetovanje, zimovanje, sajmove, grupna putovanje) u zemlji i inostranstvu<\/li>\n<li>organizujemo \u0161kolske i studentske (apsolventske) ekskurzije u zemlji i inostranstvu<\/li>\n<li>organizujemo i ekskurzije u BiH za u\u010denike osnovnih \u0161kola<\/li>\n<li>posredovanje na Ambasadama kod pribavljanaj turisti\u010dkih viza (samo za na\u0161e putnike sa ispravnom i kompletnom dokumentacijom).<\/li>\n<\/ul>\n<p>Na\u0161i partneri:<br \/>\nTOUROPERATORI I AGENCIJE:<br \/>\nVIAJES ARTURO LLoret De Mar (\u0160panija),<br \/>\nALL THE ROADS Roma (Italija)<br \/>\nLORD TREAVEL Paris i Amsterdam (Francuska i Holandija)<br \/>\nKOMPAS Zagreb<br \/>\nATLAS AIRTOURS Zagreb<br \/>\nOK- TOURS Osijek<br \/>\nSPORT- TOURS Biha\u0107<br \/>\nLAGUNA Cazin<br \/>\nGOLDEN TOURS Tuzla<br \/>\nBUENOVISTA Zenica<br \/>\nMODENA Novi Sad i dr.<\/p>\n<p>AMEX- AD d.o.o Trnovi 259<br \/>\n77230 Velika Kladu\u0161a<br \/>\nTel\/fax: +387 37 718 022<br \/>\nMob: 061 162 907<br \/>\n062 247 800<br \/>\ne-mail: amex.ad@ bih.net.ba<\/p>\n<p>\u017diro ra\u010dun: UNICREDIT banka: 3385102200158764; devizni: 4851000690<br \/>\nKIB BANKA Velika Kladu\u0161a 198-001-10100353-81<\/p>\n<div class=\"clear\"><\/div>\n<div class=\"gdl-divider gdl-border-x top\">\n<div class=\"scroll-top\">na vrh<\/div>\n<\/div>\n","protected":false},"excerpt":{"rendered":"<p>Zadovoljstvo nam je predstaviti Vam preduze\u0107e \u201e Amex \u2013 Ad\u201c d.o.o iz Velike Kladu\u0161e koje se bavi uslugama prevoza putnika u drumskom saobra\u0107aju i pru\u017eanju turisti\u010dkih usluga u zemlji i inostranstvu. U sastavu preduze\u0107a posluje Putni\u010dka agencija \u201e Amex \u2013 Ad\u201c. Osnovani smo 09.02.2000. god. u Velikoj Kladu\u0161i, upisani u sudski registar broj U\/I \u2013 492\/2000 kod Kantonalnog suda u Biha\u0107u. Mati\u010dni reg.broj: 1-4340-00, ID broj: 4263180760003, PDV broj: 263180760003. Preduze\u0107e je 100% privatno vlasni\u0161tvo i posjeduje dva vlastita autobusa ( visokoturisti\u010dke klase). Putni\u010dka agencija \u201eAMEX- AD\u201c od svog osnivanja bavi se slijede\u0107im uslu\u017enim djelatnostima: uslugama vanlinijskog prevoza putnika u zemlji i inostranstvu sa vlastitim autobusima (visokoturisti\u010dke klase) turisti\u010dke aran\u017emane (ljetovanje, zimovanje, sajmove, grupna putovanje) u zemlji i inostranstvu organizujemo \u0161kolske i studentske (apsolventske) ekskurzije u zemlji i inostranstvu organizujemo i ekskurzije u BiH za u\u010denike osnovnih \u0161kola posredovanje na Ambasadama kod pribavljanaj turisti\u010dkih viza (samo za na\u0161e putnike sa ispravnom i kompletnom dokumentacijom). Na\u0161i partneri: TOUROPERATORI I AGENCIJE: VIAJES ARTURO LLoret De Mar (\u0160panija), ALL THE ROADS Roma (Italija) LORD TREAVEL Paris i Amsterdam (Francuska i Holandija) KOMPAS Zagreb ATLAS AIRTOURS Zagreb OK- TOURS Osijek SPORT- TOURS Biha\u0107 LAGUNA Cazin GOLDEN TOURS Tuzla BUENOVISTA Zenica MODENA Novi Sad i dr. AMEX- AD d.o.o Trnovi 259 77230 Velika Kladu\u0161a Tel\/fax: +387 37 718 022 Mob: 061 162 907 062 247 800 e-mail: amex.ad@ bih.net.ba \u017diro ra\u010dun: UNICREDIT banka: 3385102200158764; devizni: 4851000690 KIB BANKA Velika Kladu\u0161a 198-001-10100353-81<\/p>\n","protected":false},"author":1,"featured_media":0,"parent":0,"menu_order":0,"comment_status":"open","ping_status":"open","template":"","meta":{"footnotes":""},"class_list":["post-15","page","type-page","status-publish","hentry"],"yoast_head":"<!-- This site is optimized with the Yoast SEO plugin v23.8 - https:\/\/yoast.com\/wordpress\/plugins\/seo\/ -->\n<title>O nama - Amex-AD Putni\u010dka Agencija | Velika Kladu\u0161a<\/title>\n<meta name=\"robots\" content=\"index, follow, max-snippet:-1, max-image-preview:large, max-video-preview:-1\" \/>\n<link rel=\"canonical\" href=\"https:\/\/amexad.com\/?page_id=15\" \/>\n<meta property=\"og:locale\" content=\"bs_BA\" \/>\n<meta property=\"og:type\" content=\"article\" \/>\n<meta property=\"og:title\" content=\"O nama - Amex-AD Putni\u010dka Agencija | Velika Kladu\u0161a\" \/>\n<meta property=\"og:description\" content=\"Zadovoljstvo nam je predstaviti Vam preduze\u0107e \u201e Amex \u2013 Ad\u201c d.o.o iz Velike Kladu\u0161e koje se bavi uslugama prevoza putnika u drumskom saobra\u0107aju i pru\u017eanju turisti\u010dkih usluga u zemlji i inostranstvu. U sastavu preduze\u0107a posluje Putni\u010dka agencija \u201e Amex \u2013 Ad\u201c. Osnovani smo 09.02.2000. god. u Velikoj Kladu\u0161i, upisani u sudski registar broj U\/I \u2013 492\/2000 kod Kantonalnog suda u Biha\u0107u. Mati\u010dni reg.broj: 1-4340-00, ID broj: 4263180760003, PDV broj: 263180760003. Preduze\u0107e je 100% privatno vlasni\u0161tvo i posjeduje dva vlastita autobusa ( visokoturisti\u010dke klase). Putni\u010dka agencija \u201eAMEX- AD\u201c od svog osnivanja bavi se slijede\u0107im uslu\u017enim djelatnostima: uslugama vanlinijskog prevoza putnika u zemlji i inostranstvu sa vlastitim autobusima (visokoturisti\u010dke klase) turisti\u010dke aran\u017emane (ljetovanje, zimovanje, sajmove, grupna putovanje) u zemlji i inostranstvu organizujemo \u0161kolske i studentske (apsolventske) ekskurzije u zemlji i inostranstvu organizujemo i ekskurzije u BiH za u\u010denike osnovnih \u0161kola posredovanje na Ambasadama kod pribavljanaj turisti\u010dkih viza (samo za na\u0161e putnike sa ispravnom i kompletnom dokumentacijom). Na\u0161i partneri: TOUROPERATORI I AGENCIJE: VIAJES ARTURO LLoret De Mar (\u0160panija), ALL THE ROADS Roma (Italija) LORD TREAVEL Paris i Amsterdam (Francuska i Holandija) KOMPAS Zagreb ATLAS AIRTOURS Zagreb OK- TOURS Osijek SPORT- TOURS Biha\u0107 LAGUNA Cazin GOLDEN TOURS Tuzla BUENOVISTA Zenica MODENA Novi Sad i dr. AMEX- AD d.o.o Trnovi 259 77230 Velika Kladu\u0161a Tel\/fax: +387 37 718 022 Mob: 061 162 907 062 247 800 e-mail: amex.ad@ bih.net.ba \u017diro ra\u010dun: UNICREDIT banka: 3385102200158764; devizni: 4851000690 KIB BANKA Velika Kladu\u0161a 198-001-10100353-81\" \/>\n<meta property=\"og:url\" content=\"https:\/\/amexad.com\/?page_id=15\" \/>\n<meta property=\"og:site_name\" content=\"Amex-AD Putni\u010dka Agencija | Velika Kladu\u0161a\" \/>\n<meta property=\"article:publisher\" content=\"https:\/\/www.facebook.com\/profile.php?id=100010803033435\" \/>\n<meta property=\"article:modified_time\" content=\"2018-02-24T20:41:38+00:00\" \/>\n<meta property=\"og:image\" content=\"http:\/\/amexad.com\/wp-content\/uploads\/2013\/10\/Amex_AD.jpg\" \/>\n<meta name=\"twitter:label1\" content=\"Est. reading time\" \/>\n\t<meta name=\"twitter:data1\" content=\"1 minuta\" \/>\n<script type=\"application\/ld+json\" class=\"yoast-schema-graph\">{\"@context\":\"https:\/\/schema.org\",\"@graph\":[{\"@type\":\"WebPage\",\"@id\":\"https:\/\/amexad.com\/?page_id=15\",\"url\":\"https:\/\/amexad.com\/?page_id=15\",\"name\":\"O nama - Amex-AD Putni\u010dka Agencija | Velika Kladu\u0161a\",\"isPartOf\":{\"@id\":\"https:\/\/amexad.com\/#website\"},\"primaryImageOfPage\":{\"@id\":\"https:\/\/amexad.com\/?page_id=15#primaryimage\"},\"image\":{\"@id\":\"https:\/\/amexad.com\/?page_id=15#primaryimage\"},\"thumbnailUrl\":\"http:\/\/amexad.com\/wp-content\/uploads\/2013\/10\/Amex_AD.jpg\",\"datePublished\":\"2013-10-24T14:32:52+00:00\",\"dateModified\":\"2018-02-24T20:41:38+00:00\",\"breadcrumb\":{\"@id\":\"https:\/\/amexad.com\/?page_id=15#breadcrumb\"},\"inLanguage\":\"bs-BA\",\"potentialAction\":[{\"@type\":\"ReadAction\",\"target\":[\"https:\/\/amexad.com\/?page_id=15\"]}]},{\"@type\":\"ImageObject\",\"inLanguage\":\"bs-BA\",\"@id\":\"https:\/\/amexad.com\/?page_id=15#primaryimage\",\"url\":\"https:\/\/amexad.com\/wp-content\/uploads\/2013\/10\/Amex_AD.jpg\",\"contentUrl\":\"https:\/\/amexad.com\/wp-content\/uploads\/2013\/10\/Amex_AD.jpg\",\"width\":300,\"height\":83},{\"@type\":\"BreadcrumbList\",\"@id\":\"https:\/\/amexad.com\/?page_id=15#breadcrumb\",\"itemListElement\":[{\"@type\":\"ListItem\",\"position\":1,\"name\":\"Home\",\"item\":\"https:\/\/amexad.com\/\"},{\"@type\":\"ListItem\",\"position\":2,\"name\":\"O nama\"}]},{\"@type\":\"WebSite\",\"@id\":\"https:\/\/amexad.com\/#website\",\"url\":\"https:\/\/amexad.com\/\",\"name\":\"Amex-AD Putni\u010dka Agencija | Velika Kladu\u0161a\",\"description\":\"Putni\u010dka agencija | Velika Kladu\u0161a\",\"potentialAction\":[{\"@type\":\"SearchAction\",\"target\":{\"@type\":\"EntryPoint\",\"urlTemplate\":\"https:\/\/amexad.com\/?s={search_term_string}\"},\"query-input\":{\"@type\":\"PropertyValueSpecification\",\"valueRequired\":true,\"valueName\":\"search_term_string\"}}],\"inLanguage\":\"bs-BA\"}]}<\/script>\n<!-- \/ Yoast SEO plugin. -->","yoast_head_json":{"title":"O nama - Amex-AD Putni\u010dka Agencija | Velika Kladu\u0161a","robots":{"index":"index","follow":"follow","max-snippet":"max-snippet:-1","max-image-preview":"max-image-preview:large","max-video-preview":"max-video-preview:-1"},"canonical":"https:\/\/amexad.com\/?page_id=15","og_locale":"bs_BA","og_type":"article","og_title":"O nama - Amex-AD Putni\u010dka Agencija | Velika Kladu\u0161a","og_description":"Zadovoljstvo nam je predstaviti Vam preduze\u0107e \u201e Amex \u2013 Ad\u201c d.o.o iz Velike Kladu\u0161e koje se bavi uslugama prevoza putnika u drumskom saobra\u0107aju i pru\u017eanju turisti\u010dkih usluga u zemlji i inostranstvu. U sastavu preduze\u0107a posluje Putni\u010dka agencija \u201e Amex \u2013 Ad\u201c. Osnovani smo 09.02.2000. god. u Velikoj Kladu\u0161i, upisani u sudski registar broj U\/I \u2013 492\/2000 kod Kantonalnog suda u Biha\u0107u. Mati\u010dni reg.broj: 1-4340-00, ID broj: 4263180760003, PDV broj: 263180760003. Preduze\u0107e je 100% privatno vlasni\u0161tvo i posjeduje dva vlastita autobusa ( visokoturisti\u010dke klase). Putni\u010dka agencija \u201eAMEX- AD\u201c od svog osnivanja bavi se slijede\u0107im uslu\u017enim djelatnostima: uslugama vanlinijskog prevoza putnika u zemlji i inostranstvu sa vlastitim autobusima (visokoturisti\u010dke klase) turisti\u010dke aran\u017emane (ljetovanje, zimovanje, sajmove, grupna putovanje) u zemlji i inostranstvu organizujemo \u0161kolske i studentske (apsolventske) ekskurzije u zemlji i inostranstvu organizujemo i ekskurzije u BiH za u\u010denike osnovnih \u0161kola posredovanje na Ambasadama kod pribavljanaj turisti\u010dkih viza (samo za na\u0161e putnike sa ispravnom i kompletnom dokumentacijom). Na\u0161i partneri: TOUROPERATORI I AGENCIJE: VIAJES ARTURO LLoret De Mar (\u0160panija), ALL THE ROADS Roma (Italija) LORD TREAVEL Paris i Amsterdam (Francuska i Holandija) KOMPAS Zagreb ATLAS AIRTOURS Zagreb OK- TOURS Osijek SPORT- TOURS Biha\u0107 LAGUNA Cazin GOLDEN TOURS Tuzla BUENOVISTA Zenica MODENA Novi Sad i dr. AMEX- AD d.o.o Trnovi 259 77230 Velika Kladu\u0161a Tel\/fax: +387 37 718 022 Mob: 061 162 907 062 247 800 e-mail: amex.ad@ bih.net.ba \u017diro ra\u010dun: UNICREDIT banka: 3385102200158764; devizni: 4851000690 KIB BANKA Velika Kladu\u0161a 198-001-10100353-81","og_url":"https:\/\/amexad.com\/?page_id=15","og_site_name":"Amex-AD Putni\u010dka Agencija | Velika Kladu\u0161a","article_publisher":"https:\/\/www.facebook.com\/profile.php?id=100010803033435","article_modified_time":"2018-02-24T20:41:38+00:00","og_image":[{"url":"http:\/\/amexad.com\/wp-content\/uploads\/2013\/10\/Amex_AD.jpg"}],"twitter_misc":{"Est. reading time":"1 minuta"},"schema":{"@context":"https:\/\/schema.org","@graph":[{"@type":"WebPage","@id":"https:\/\/amexad.com\/?page_id=15","url":"https:\/\/amexad.com\/?page_id=15","name":"O nama - Amex-AD Putni\u010dka Agencija | Velika Kladu\u0161a","isPartOf":{"@id":"https:\/\/amexad.com\/#website"},"primaryImageOfPage":{"@id":"https:\/\/amexad.com\/?page_id=15#primaryimage"},"image":{"@id":"https:\/\/amexad.com\/?page_id=15#primaryimage"},"thumbnailUrl":"http:\/\/amexad.com\/wp-content\/uploads\/2013\/10\/Amex_AD.jpg","datePublished":"2013-10-24T14:32:52+00:00","dateModified":"2018-02-24T20:41:38+00:00","breadcrumb":{"@id":"https:\/\/amexad.com\/?page_id=15#breadcrumb"},"inLanguage":"bs-BA","potentialAction":[{"@type":"ReadAction","target":["https:\/\/amexad.com\/?page_id=15"]}]},{"@type":"ImageObject","inLanguage":"bs-BA","@id":"https:\/\/amexad.com\/?page_id=15#primaryimage","url":"https:\/\/amexad.com\/wp-content\/uploads\/2013\/10\/Amex_AD.jpg","contentUrl":"https:\/\/amexad.com\/wp-content\/uploads\/2013\/10\/Amex_AD.jpg","width":300,"height":83},{"@type":"BreadcrumbList","@id":"https:\/\/amexad.com\/?page_id=15#breadcrumb","itemListElement":[{"@type":"ListItem","position":1,"name":"Home","item":"https:\/\/amexad.com\/"},{"@type":"ListItem","position":2,"name":"O nama"}]},{"@type":"WebSite","@id":"https:\/\/amexad.com\/#website","url":"https:\/\/amexad.com\/","name":"Amex-AD Putni\u010dka Agencija | Velika Kladu\u0161a","description":"Putni\u010dka agencija | Velika Kladu\u0161a","potentialAction":[{"@type":"SearchAction","target":{"@type":"EntryPoint","urlTemplate":"https:\/\/amexad.com\/?s={search_term_string}"},"query-input":{"@type":"PropertyValueSpecification","valueRequired":true,"valueName":"search_term_string"}}],"inLanguage":"bs-BA"}]}},"_links":{"self":[{"href":"https:\/\/amexad.com\/index.php?rest_route=\/wp\/v2\/pages\/15","targetHints":{"allow":["GET"]}}],"collection":[{"href":"https:\/\/amexad.com\/index.php?rest_route=\/wp\/v2\/pages"}],"about":[{"href":"https:\/\/amexad.com\/index.php?rest_route=\/wp\/v2\/types\/page"}],"author":[{"embeddable":true,"href":"https:\/\/amexad.com\/index.php?rest_route=\/wp\/v2\/users\/1"}],"replies":[{"embeddable":true,"href":"https:\/\/amexad.com\/index.php?rest_route=%2Fwp%2Fv2%2Fcomments&post=15"}],"version-history":[{"count":3,"href":"https:\/\/amexad.com\/index.php?rest_route=\/wp\/v2\/pages\/15\/revisions"}],"predecessor-version":[{"id":1033,"href":"https:\/\/amexad.com\/index.php?rest_route=\/wp\/v2\/pages\/15\/revisions\/1033"}],"wp:attachment":[{"href":"https:\/\/amexad.com\/index.php?rest_route=%2Fwp%2Fv2%2Fmedia&parent=15"}],"curies":[{"name":"wp","href":"https:\/\/api.w.org\/{rel}","templated":true}]}}