{"id":5,"date":"2013-10-24T16:11:40","date_gmt":"2013-10-24T14:11:40","guid":{"rendered":"http:\/\/nova.amexad.com\/?page_id=5"},"modified":"2025-09-16T21:07:01","modified_gmt":"2025-09-16T19:07:01","slug":"home-page","status":"publish","type":"page","link":"https:\/\/amexad.com\/","title":{"rendered":"Home page"},"content":{"rendered":"","protected":false},"excerpt":{"rendered":"","protected":false},"author":1,"featured_media":16,"parent":0,"menu_order":0,"comment_status":"open","ping_status":"open","template":"","meta":{"footnotes":""},"class_list":["post-5","page","type-page","status-publish","has-post-thumbnail","hentry"],"yoast_head":"<!-- This site is optimized with the Yoast SEO plugin v23.8 - https:\/\/yoast.com\/wordpress\/plugins\/seo\/ -->\n<title>Amex-AD Putni\u010dka Agencija | Velika Kladu\u0161a<\/title>\n<meta name=\"description\" content=\"Amex-ad Putni\u010dka agencija Velika Kladu\u0161a - Bosna i Hercegovina\" \/>\n<meta name=\"robots\" content=\"index, follow, max-snippet:-1, max-image-preview:large, max-video-preview:-1\" \/>\n<link rel=\"canonical\" href=\"https:\/\/amexad.com\/\" \/>\n<meta property=\"og:locale\" content=\"bs_BA\" \/>\n<meta property=\"og:type\" content=\"article\" \/>\n<meta property=\"og:title\" content=\"Amex-AD Putni\u010dka Agencija | Velika Kladu\u0161a\" \/>\n<meta property=\"og:description\" content=\"Amex-ad Putni\u010dka agencija Velika Kladu\u0161a - Bosna i Hercegovina\" \/>\n<meta property=\"og:url\" content=\"https:\/\/amexad.com\/\" \/>\n<meta property=\"og:site_name\" content=\"Amex-AD Putni\u010dka Agencija | Velika Kladu\u0161a\" \/>\n<meta property=\"article:publisher\" content=\"https:\/\/www.facebook.com\/profile.php?id=100010803033435\" \/>\n<meta property=\"article:modified_time\" content=\"2025-09-16T19:07:01+00:00\" \/>\n<meta property=\"og:image\" content=\"http:\/\/amexad.com\/wp-content\/uploads\/2013\/10\/Amex_AD.jpg\" \/>\n\t<meta property=\"og:image:width\" content=\"300\" \/>\n\t<meta property=\"og:image:height\" content=\"83\" \/>\n\t<meta property=\"og:image:type\" content=\"image\/jpeg\" \/>\n<meta name=\"twitter:label1\" content=\"Est. reading time\" \/>\n\t<meta name=\"twitter:data1\" content=\"1 minuta\" \/>\n<script type=\"application\/ld+json\" class=\"yoast-schema-graph\">{\"@context\":\"https:\/\/schema.org\",\"@graph\":[{\"@type\":\"WebPage\",\"@id\":\"https:\/\/amexad.com\/\",\"url\":\"https:\/\/amexad.com\/\",\"name\":\"Amex-AD Putni\u010dka Agencija | Velika Kladu\u0161a\",\"isPartOf\":{\"@id\":\"https:\/\/amexad.com\/#website\"},\"primaryImageOfPage\":{\"@id\":\"https:\/\/amexad.com\/#primaryimage\"},\"image\":{\"@id\":\"https:\/\/amexad.com\/#primaryimage\"},\"thumbnailUrl\":\"https:\/\/amexad.com\/wp-content\/uploads\/2013\/10\/Amex_AD.jpg\",\"datePublished\":\"2013-10-24T14:11:40+00:00\",\"dateModified\":\"2025-09-16T19:07:01+00:00\",\"description\":\"Amex-ad Putni\u010dka agencija Velika Kladu\u0161a - Bosna i Hercegovina\",\"breadcrumb\":{\"@id\":\"https:\/\/amexad.com\/#breadcrumb\"},\"inLanguage\":\"bs-BA\",\"potentialAction\":[{\"@type\":\"ReadAction\",\"target\":[\"https:\/\/amexad.com\/\"]}]},{\"@type\":\"ImageObject\",\"inLanguage\":\"bs-BA\",\"@id\":\"https:\/\/amexad.com\/#primaryimage\",\"url\":\"https:\/\/amexad.com\/wp-content\/uploads\/2013\/10\/Amex_AD.jpg\",\"contentUrl\":\"https:\/\/amexad.com\/wp-content\/uploads\/2013\/10\/Amex_AD.jpg\",\"width\":300,\"height\":83},{\"@type\":\"BreadcrumbList\",\"@id\":\"https:\/\/amexad.com\/#breadcrumb\",\"itemListElement\":[{\"@type\":\"ListItem\",\"position\":1,\"name\":\"Home\",\"item\":\"https:\/\/amexad.com\/\"},{\"@type\":\"ListItem\",\"position\":2,\"name\":\"Home page\"}]},{\"@type\":\"WebSite\",\"@id\":\"https:\/\/amexad.com\/#website\",\"url\":\"https:\/\/amexad.com\/\",\"name\":\"Amex-AD Putni\u010dka Agencija | Velika Kladu\u0161a\",\"description\":\"Putni\u010dka agencija | Velika Kladu\u0161a\",\"potentialAction\":[{\"@type\":\"SearchAction\",\"target\":{\"@type\":\"EntryPoint\",\"urlTemplate\":\"https:\/\/amexad.com\/?s={search_term_string}\"},\"query-input\":{\"@type\":\"PropertyValueSpecification\",\"valueRequired\":true,\"valueName\":\"search_term_string\"}}],\"inLanguage\":\"bs-BA\"}]}<\/script>\n<!-- \/ Yoast SEO plugin. -->","yoast_head_json":{"title":"Amex-AD Putni\u010dka Agencija | Velika Kladu\u0161a","description":"Amex-ad Putni\u010dka agencija Velika Kladu\u0161a - Bosna i Hercegovina","robots":{"index":"index","follow":"follow","max-snippet":"max-snippet:-1","max-image-preview":"max-image-preview:large","max-video-preview":"max-video-preview:-1"},"canonical":"https:\/\/amexad.com\/","og_locale":"bs_BA","og_type":"article","og_title":"Amex-AD Putni\u010dka Agencija | Velika Kladu\u0161a","og_description":"Amex-ad Putni\u010dka agencija Velika Kladu\u0161a - Bosna i Hercegovina","og_url":"https:\/\/amexad.com\/","og_site_name":"Amex-AD Putni\u010dka Agencija | Velika Kladu\u0161a","article_publisher":"https:\/\/www.facebook.com\/profile.php?id=100010803033435","article_modified_time":"2025-09-16T19:07:01+00:00","og_image":[{"width":300,"height":83,"url":"http:\/\/amexad.com\/wp-content\/uploads\/2013\/10\/Amex_AD.jpg","type":"image\/jpeg"}],"twitter_misc":{"Est. reading time":"1 minuta"},"schema":{"@context":"https:\/\/schema.org","@graph":[{"@type":"WebPage","@id":"https:\/\/amexad.com\/","url":"https:\/\/amexad.com\/","name":"Amex-AD Putni\u010dka Agencija | Velika Kladu\u0161a","isPartOf":{"@id":"https:\/\/amexad.com\/#website"},"primaryImageOfPage":{"@id":"https:\/\/amexad.com\/#primaryimage"},"image":{"@id":"https:\/\/amexad.com\/#primaryimage"},"thumbnailUrl":"https:\/\/amexad.com\/wp-content\/uploads\/2013\/10\/Amex_AD.jpg","datePublished":"2013-10-24T14:11:40+00:00","dateModified":"2025-09-16T19:07:01+00:00","description":"Amex-ad Putni\u010dka agencija Velika Kladu\u0161a - Bosna i Hercegovina","breadcrumb":{"@id":"https:\/\/amexad.com\/#breadcrumb"},"inLanguage":"bs-BA","potentialAction":[{"@type":"ReadAction","target":["https:\/\/amexad.com\/"]}]},{"@type":"ImageObject","inLanguage":"bs-BA","@id":"https:\/\/amexad.com\/#primaryimage","url":"https:\/\/amexad.com\/wp-content\/uploads\/2013\/10\/Amex_AD.jpg","contentUrl":"https:\/\/amexad.com\/wp-content\/uploads\/2013\/10\/Amex_AD.jpg","width":300,"height":83},{"@type":"BreadcrumbList","@id":"https:\/\/amexad.com\/#breadcrumb","itemListElement":[{"@type":"ListItem","position":1,"name":"Home","item":"https:\/\/amexad.com\/"},{"@type":"ListItem","position":2,"name":"Home page"}]},{"@type":"WebSite","@id":"https:\/\/amexad.com\/#website","url":"https:\/\/amexad.com\/","name":"Amex-AD Putni\u010dka Agencija | Velika Kladu\u0161a","description":"Putni\u010dka agencija | Velika Kladu\u0161a","potentialAction":[{"@type":"SearchAction","target":{"@type":"EntryPoint","urlTemplate":"https:\/\/amexad.com\/?s={search_term_string}"},"query-input":{"@type":"PropertyValueSpecification","valueRequired":true,"valueName":"search_term_string"}}],"inLanguage":"bs-BA"}]}},"_links":{"self":[{"href":"https:\/\/amexad.com\/index.php?rest_route=\/wp\/v2\/pages\/5","targetHints":{"allow":["GET"]}}],"collection":[{"href":"https:\/\/amexad.com\/index.php?rest_route=\/wp\/v2\/pages"}],"about":[{"href":"https:\/\/amexad.com\/index.php?rest_route=\/wp\/v2\/types\/page"}],"author":[{"embeddable":true,"href":"https:\/\/amexad.com\/index.php?rest_route=\/wp\/v2\/users\/1"}],"replies":[{"embeddable":true,"href":"https:\/\/amexad.com\/index.php?rest_route=%2Fwp%2Fv2%2Fcomments&post=5"}],"version-history":[{"count":3,"href":"https:\/\/amexad.com\/index.php?rest_route=\/wp\/v2\/pages\/5\/revisions"}],"predecessor-version":[{"id":1028,"href":"https:\/\/amexad.com\/index.php?rest_route=\/wp\/v2\/pages\/5\/revisions\/1028"}],"wp:featuredmedia":[{"embeddable":true,"href":"https:\/\/amexad.com\/index.php?rest_route=\/wp\/v2\/media\/16"}],"wp:attachment":[{"href":"https:\/\/amexad.com\/index.php?rest_route=%2Fwp%2Fv2%2Fmedia&parent=5"}],"curies":[{"name":"wp","href":"https:\/\/api.w.org\/{rel}","templated":true}]}}